{"id":339,"date":"2021-05-18T10:22:06","date_gmt":"2021-05-18T08:22:06","guid":{"rendered":"https:\/\/marketing.lorenz-company.de\/academy\/?page_id=339"},"modified":"2021-05-18T10:46:06","modified_gmt":"2021-05-18T08:46:06","slug":"impressum","status":"publish","type":"page","link":"https:\/\/marketing.lorenz-company.de\/academy\/impressum\/","title":{"rendered":"Impressum"},"content":{"rendered":"\t\t<div data-elementor-type=\"wp-page\" data-elementor-id=\"339\" class=\"elementor elementor-339\">\n\t\t\t\t\t\t<section class=\"has_eae_slider elementor-section elementor-top-section elementor-element elementor-element-c107249 elementor-section-boxed elementor-section-height-default elementor-section-height-default\" data-eae-slider=\"71684\" data-id=\"c107249\" data-element_type=\"section\" data-e-type=\"section\">\n\t\t\t\t\t\t<div class=\"elementor-container elementor-column-gap-default\">\n\t\t\t\t\t<div class=\"has_eae_slider elementor-column elementor-col-100 elementor-top-column elementor-element elementor-element-3d222f1\" data-eae-slider=\"66880\" data-id=\"3d222f1\" data-element_type=\"column\" data-e-type=\"column\">\n\t\t\t<div class=\"elementor-widget-wrap elementor-element-populated\">\n\t\t\t\t\t\t<div class=\"elementor-element elementor-element-e2d08d4 elementor-widget elementor-widget-html\" data-id=\"e2d08d4\" data-element_type=\"widget\" data-e-type=\"widget\" data-widget_type=\"html.default\">\n\t\t\t\t<div class=\"elementor-widget-container\">\n\t\t\t\t\t<H1>Impressum<\/H1>\r\n<div class=\"col-right\">\r\n<div id=\"c140\" class=\"frame frame-default frame-type-textmedia frame-layout-0\">\r\n<div class=\"ce-textpic ce-left ce-above\">\r\n<div class=\"ce-bodytext\">\r\n\r\n<p><strong>Angaben gem\u00e4\u00df \u00a7 5 TMG<\/strong><\/p>\r\n<p>\r\nLorenz &amp; Company Werbeagentur GmbH\r\nStorlachstra\u00dfe 4\r\n72760 Reutlingen\r\n<br>\r\nHandelsregister: HRB Nr. 353070\r\nRegistergericht: Amtsgericht Stuttgart\r\n<\/p>\r\n&nbsp;\r\n<p>\r\n<strong>Vertreten durch:<\/strong><\/p>\r\n<p>\r\nGesch\u00e4ftsf\u00fchrender Gesellschafter: Monika Heuser-Laun, Dipl.-Wirtsch.-Ing. Jochen Laun\r\nProkura: Pia Schumacher\r\n<\/p>\r\n&nbsp;\r\n<p>\r\n<strong>Kontakt<\/strong><\/p>\r\n<p>\r\nTelefon: +49 7121 - 38 93-0\r\nTelefax: +49 71 21 - 37 07-99\r\nE-Mail: info@lorenz-company.de\r\n<\/p>\r\n&nbsp;\r\n<p>\r\n<strong>Umsatzsteuer-ID<\/strong><\/p>\r\n<p>\r\nUmsatzsteuer-Identifikationsnummer gem\u00e4\u00df \u00a7 27 a Umsatzsteuergesetz:\r\nDE210643999\r\n<\/p>\r\n&nbsp;\r\n<p>\r\n<strong>Redaktionell Verantwortlicher<\/strong><\/p>\r\n<p>\r\nMonika Heuser-Laun\r\nStorlachstr. 4\r\n72760 Reutlingen\r\n<\/p>\r\n&nbsp;\r\n<p>\r\n<strong>Verbraucher\u00adstreit\u00adbeilegung\/Universal\u00adschlichtungs\u00adstelle<\/strong><\/p>\r\n<p>\r\nWir sind nicht bereit oder verpflichtet, an Streitbeilegungsverfahren vor einer Verbraucherschlichtungsstelle teilzunehmen.\r\n<\/p>\r\n&nbsp;\r\n<p>\r\n<strong>Haftung f\u00fcr Inhalte<\/strong><\/p>\r\n<p>\r\nAls Diensteanbieter sind wir gem\u00e4\u00df \u00a7 7 Abs.1 TMG f\u00fcr eigene Inhalte auf diesen Seiten nach den allgemeinen Gesetzen verantwortlich. Nach \u00a7\u00a7 8 bis 10 TMG sind wir als Diensteanbieter jedoch nicht verpflichtet, \u00fcbermittelte oder gespeicherte fremde Informationen zu \u00fcberwachen oder nach Umst\u00e4nden zu forschen, die auf eine rechtswidrige T\u00e4tigkeit hinweisen.\r\n\r\nVerpflichtungen zur Entfernung oder Sperrung der Nutzung von Informationen nach den allgemeinen Gesetzen bleiben hiervon unber\u00fchrt. Eine diesbez\u00fcgliche Haftung ist jedoch erst ab dem Zeitpunkt der Kenntnis einer konkreten Rechtsverletzung m\u00f6glich. Bei Bekanntwerden von entsprechenden Rechtsverletzungen werden wir diese Inhalte umgehend entfernen.\r\n<\/p>\r\n<br>\r\n<p>\r\n<strong>Haftung f\u00fcr Links<\/strong><\/p>\r\n<p>Unser Angebot enth\u00e4lt Links zu externen Websites Dritter, auf deren Inhalte wir keinen Einfluss haben. Deshalb k\u00f6nnen wir f\u00fcr diese fremden Inhalte auch keine Gew\u00e4hr \u00fcbernehmen. F\u00fcr die Inhalte der verlinkten Seiten ist stets der jeweilige Anbieter oder Betreiber der Seiten verantwortlich. Die verlinkten Seiten wurden zum Zeitpunkt der Verlinkung auf m\u00f6gliche Rechtsverst\u00f6\u00dfe \u00fcberpr\u00fcft. Rechtswidrige Inhalte waren zum Zeitpunkt der Verlinkung nicht erkennbar.\r\n\r\nEine permanente inhaltliche Kontrolle der verlinkten Seiten ist jedoch ohne konkrete Anhaltspunkte einer Rechtsverletzung nicht zumutbar. Bei Bekanntwerden von Rechtsverletzungen werden wir derartige Links umgehend entfernen.\r\n<\/p>\r\n&nbsp;\r\n<p>\r\n<strong>Urheberrecht<\/strong><\/p>\r\n<p>\r\nDie durch die Seitenbetreiber erstellten Inhalte und Werke auf diesen Seiten unterliegen dem deutschen Urheberrecht. Die Vervielf\u00e4ltigung, Bearbeitung, Verbreitung und jede Art der Verwertung au\u00dferhalb der Grenzen des Urheberrechtes bed\u00fcrfen der schriftlichen Zustimmung des jeweiligen Autors bzw. Erstellers. Downloads und Kopien dieser Seite sind nur f\u00fcr den privaten, nicht kommerziellen Gebrauch gestattet.\r\n\r\nSoweit die Inhalte auf dieser Seite nicht vom Betreiber erstellt wurden, werden die Urheberrechte Dritter beachtet. Insbesondere werden Inhalte Dritter als solche gekennzeichnet. Sollten Sie trotzdem auf eine Urheberrechtsverletzung aufmerksam werden, bitten wir um einen entsprechenden Hinweis. Bei Bekanntwerden von Rechtsverletzungen werden wir derartige Inhalte umgehend entfernen.\r\n<\/p>\r\n&nbsp;\r\n\r\n<p><strong>Bildnachweis<\/strong><\/p>\r\n<p>Lorenz &amp; Company; Roland Hutzenlaub; Wilhelm Henning; Adobe Stock: Leigh Prater, Aamon, zentilia, photossoup; iStock: Deagreez; shutterstock: Narith Thongphasuk, Lukas Gojda; gettyimages: kupicoo, Rick Gomez; plainpicture: Fred Leveugle; Think in pictures; Starpatrol<\/p>\r\n\r\n<\/div>\r\n<\/div>\r\n<\/div>\r\n<\/div>\r\n\r\n\t\t\t\t<\/div>\n\t\t\t\t<\/div>\n\t\t\t\t\t<\/div>\n\t\t<\/div>\n\t\t\t\t\t<\/div>\n\t\t<\/section>\n\t\t\t\t<\/div>\n\t\t","protected":false},"excerpt":{"rendered":"<p>Impressum Angaben gem\u00e4\u00df \u00a7 5 TMG Lorenz &amp; Company Werbeagentur GmbH Storlachstra\u00dfe 4 72760 Reutlingen Handelsregister: HRB Nr. 353070 Registergericht: Amtsgericht Stuttgart &nbsp; Vertreten durch: Gesch\u00e4ftsf\u00fchrender Gesellschafter: Monika Heuser-Laun, Dipl.-Wirtsch.-Ing. Jochen Laun Prokura: Pia Schumacher &nbsp; Kontakt Telefon: +49 7121 &#8211; 38 93-0 Telefax: +49 71 21 &#8211; 37 07-99 E-Mail: info@lorenz-company.de &nbsp; Umsatzsteuer-ID Umsatzsteuer-Identifikationsnummer [&hellip;]<\/p>\n","protected":false},"author":1,"featured_media":0,"parent":0,"menu_order":0,"comment_status":"closed","ping_status":"closed","template":"","meta":{"footnotes":""},"class_list":["post-339","page","type-page","status-publish","hentry"],"yoast_head":"<!-- This site is optimized with the Yoast SEO plugin v27.3 - https:\/\/yoast.com\/product\/yoast-seo-wordpress\/ -->\n<title>Impressum - Lorenz &amp; Company - Academy<\/title>\n<meta name=\"robots\" content=\"index, follow, max-snippet:-1, max-image-preview:large, max-video-preview:-1\" \/>\n<link rel=\"canonical\" href=\"https:\/\/marketing.lorenz-company.de\/academy\/impressum\/\" \/>\n<meta property=\"og:locale\" content=\"de_DE\" \/>\n<meta property=\"og:type\" content=\"article\" \/>\n<meta property=\"og:title\" content=\"Impressum - Lorenz &amp; Company - Academy\" \/>\n<meta property=\"og:description\" content=\"Impressum Angaben gem\u00e4\u00df \u00a7 5 TMG Lorenz &amp; Company Werbeagentur GmbH Storlachstra\u00dfe 4 72760 Reutlingen Handelsregister: HRB Nr. 353070 Registergericht: Amtsgericht Stuttgart &nbsp; Vertreten durch: Gesch\u00e4ftsf\u00fchrender Gesellschafter: Monika Heuser-Laun, Dipl.-Wirtsch.-Ing. Jochen Laun Prokura: Pia Schumacher &nbsp; Kontakt Telefon: +49 7121 &#8211; 38 93-0 Telefax: +49 71 21 &#8211; 37 07-99 E-Mail: info@lorenz-company.de &nbsp; Umsatzsteuer-ID Umsatzsteuer-Identifikationsnummer [&hellip;]\" \/>\n<meta property=\"og:url\" content=\"https:\/\/marketing.lorenz-company.de\/academy\/impressum\/\" \/>\n<meta property=\"og:site_name\" content=\"Lorenz &amp; Company - Academy\" \/>\n<meta property=\"article:modified_time\" content=\"2021-05-18T08:46:06+00:00\" \/>\n<meta name=\"twitter:card\" content=\"summary_large_image\" \/>\n<meta name=\"twitter:label1\" content=\"Gesch\u00e4tzte Lesezeit\" \/>\n\t<meta name=\"twitter:data1\" content=\"2\u00a0Minuten\" \/>\n<script type=\"application\/ld+json\" class=\"yoast-schema-graph\">{\"@context\":\"https:\\\/\\\/schema.org\",\"@graph\":[{\"@type\":\"WebPage\",\"@id\":\"https:\\\/\\\/marketing.lorenz-company.de\\\/academy\\\/impressum\\\/\",\"url\":\"https:\\\/\\\/marketing.lorenz-company.de\\\/academy\\\/impressum\\\/\",\"name\":\"Impressum - Lorenz &amp; Company - Academy\",\"isPartOf\":{\"@id\":\"https:\\\/\\\/marketing.lorenz-company.de\\\/academy\\\/#website\"},\"datePublished\":\"2021-05-18T08:22:06+00:00\",\"dateModified\":\"2021-05-18T08:46:06+00:00\",\"breadcrumb\":{\"@id\":\"https:\\\/\\\/marketing.lorenz-company.de\\\/academy\\\/impressum\\\/#breadcrumb\"},\"inLanguage\":\"de\",\"potentialAction\":[{\"@type\":\"ReadAction\",\"target\":[\"https:\\\/\\\/marketing.lorenz-company.de\\\/academy\\\/impressum\\\/\"]}]},{\"@type\":\"BreadcrumbList\",\"@id\":\"https:\\\/\\\/marketing.lorenz-company.de\\\/academy\\\/impressum\\\/#breadcrumb\",\"itemListElement\":[{\"@type\":\"ListItem\",\"position\":1,\"name\":\"Home\",\"item\":\"https:\\\/\\\/marketing.lorenz-company.de\\\/academy\\\/\"},{\"@type\":\"ListItem\",\"position\":2,\"name\":\"Impressum\"}]},{\"@type\":\"WebSite\",\"@id\":\"https:\\\/\\\/marketing.lorenz-company.de\\\/academy\\\/#website\",\"url\":\"https:\\\/\\\/marketing.lorenz-company.de\\\/academy\\\/\",\"name\":\"Lorenz &amp; Company - Academy\",\"description\":\"Eine weitere Marketing Websites Website\",\"potentialAction\":[{\"@type\":\"SearchAction\",\"target\":{\"@type\":\"EntryPoint\",\"urlTemplate\":\"https:\\\/\\\/marketing.lorenz-company.de\\\/academy\\\/?s={search_term_string}\"},\"query-input\":{\"@type\":\"PropertyValueSpecification\",\"valueRequired\":true,\"valueName\":\"search_term_string\"}}],\"inLanguage\":\"de\"}]}<\/script>\n<!-- \/ Yoast SEO plugin. -->","yoast_head_json":{"title":"Impressum - Lorenz &amp; Company - Academy","robots":{"index":"index","follow":"follow","max-snippet":"max-snippet:-1","max-image-preview":"max-image-preview:large","max-video-preview":"max-video-preview:-1"},"canonical":"https:\/\/marketing.lorenz-company.de\/academy\/impressum\/","og_locale":"de_DE","og_type":"article","og_title":"Impressum - Lorenz &amp; Company - Academy","og_description":"Impressum Angaben gem\u00e4\u00df \u00a7 5 TMG Lorenz &amp; Company Werbeagentur GmbH Storlachstra\u00dfe 4 72760 Reutlingen Handelsregister: HRB Nr. 353070 Registergericht: Amtsgericht Stuttgart &nbsp; Vertreten durch: Gesch\u00e4ftsf\u00fchrender Gesellschafter: Monika Heuser-Laun, Dipl.-Wirtsch.-Ing. Jochen Laun Prokura: Pia Schumacher &nbsp; Kontakt Telefon: +49 7121 &#8211; 38 93-0 Telefax: +49 71 21 &#8211; 37 07-99 E-Mail: info@lorenz-company.de &nbsp; Umsatzsteuer-ID Umsatzsteuer-Identifikationsnummer [&hellip;]","og_url":"https:\/\/marketing.lorenz-company.de\/academy\/impressum\/","og_site_name":"Lorenz &amp; Company - Academy","article_modified_time":"2021-05-18T08:46:06+00:00","twitter_card":"summary_large_image","twitter_misc":{"Gesch\u00e4tzte Lesezeit":"2\u00a0Minuten"},"schema":{"@context":"https:\/\/schema.org","@graph":[{"@type":"WebPage","@id":"https:\/\/marketing.lorenz-company.de\/academy\/impressum\/","url":"https:\/\/marketing.lorenz-company.de\/academy\/impressum\/","name":"Impressum - Lorenz &amp; Company - Academy","isPartOf":{"@id":"https:\/\/marketing.lorenz-company.de\/academy\/#website"},"datePublished":"2021-05-18T08:22:06+00:00","dateModified":"2021-05-18T08:46:06+00:00","breadcrumb":{"@id":"https:\/\/marketing.lorenz-company.de\/academy\/impressum\/#breadcrumb"},"inLanguage":"de","potentialAction":[{"@type":"ReadAction","target":["https:\/\/marketing.lorenz-company.de\/academy\/impressum\/"]}]},{"@type":"BreadcrumbList","@id":"https:\/\/marketing.lorenz-company.de\/academy\/impressum\/#breadcrumb","itemListElement":[{"@type":"ListItem","position":1,"name":"Home","item":"https:\/\/marketing.lorenz-company.de\/academy\/"},{"@type":"ListItem","position":2,"name":"Impressum"}]},{"@type":"WebSite","@id":"https:\/\/marketing.lorenz-company.de\/academy\/#website","url":"https:\/\/marketing.lorenz-company.de\/academy\/","name":"Lorenz &amp; Company - Academy","description":"Eine weitere Marketing Websites Website","potentialAction":[{"@type":"SearchAction","target":{"@type":"EntryPoint","urlTemplate":"https:\/\/marketing.lorenz-company.de\/academy\/?s={search_term_string}"},"query-input":{"@type":"PropertyValueSpecification","valueRequired":true,"valueName":"search_term_string"}}],"inLanguage":"de"}]}},"_links":{"self":[{"href":"https:\/\/marketing.lorenz-company.de\/academy\/wp-json\/wp\/v2\/pages\/339","targetHints":{"allow":["GET"]}}],"collection":[{"href":"https:\/\/marketing.lorenz-company.de\/academy\/wp-json\/wp\/v2\/pages"}],"about":[{"href":"https:\/\/marketing.lorenz-company.de\/academy\/wp-json\/wp\/v2\/types\/page"}],"author":[{"embeddable":true,"href":"https:\/\/marketing.lorenz-company.de\/academy\/wp-json\/wp\/v2\/users\/1"}],"replies":[{"embeddable":true,"href":"https:\/\/marketing.lorenz-company.de\/academy\/wp-json\/wp\/v2\/comments?post=339"}],"version-history":[{"count":7,"href":"https:\/\/marketing.lorenz-company.de\/academy\/wp-json\/wp\/v2\/pages\/339\/revisions"}],"predecessor-version":[{"id":349,"href":"https:\/\/marketing.lorenz-company.de\/academy\/wp-json\/wp\/v2\/pages\/339\/revisions\/349"}],"wp:attachment":[{"href":"https:\/\/marketing.lorenz-company.de\/academy\/wp-json\/wp\/v2\/media?parent=339"}],"curies":[{"name":"wp","href":"https:\/\/api.w.org\/{rel}","templated":true}]}}